{"id":8061,"date":"2025-09-26T13:40:34","date_gmt":"2025-09-26T11:40:34","guid":{"rendered":"https:\/\/superlativohostels.com\/contactanos\/"},"modified":"2025-10-21T11:39:53","modified_gmt":"2025-10-21T09:39:53","slug":"contactanos","status":"publish","type":"page","link":"https:\/\/superlativohotels.com\/es\/contactanos\/","title":{"rendered":"Cont\u00e1ctanos"},"content":{"rendered":"\t\t<div data-elementor-type=\"wp-page\" data-elementor-id=\"8061\" class=\"elementor elementor-8061 elementor-6487\" data-elementor-post-type=\"page\">\n\t\t\t\t<div class=\"elementor-element elementor-element-71fa7df7 e-con-full e-flex e-con e-parent\" data-id=\"71fa7df7\" data-element_type=\"container\" data-e-type=\"container\">\n\t\t<div class=\"elementor-element elementor-element-7fc3098 e-con-full e-flex e-con e-child\" data-id=\"7fc3098\" data-element_type=\"container\" data-e-type=\"container\" data-settings=\"{&quot;background_background&quot;:&quot;classic&quot;}\">\n\t\t\t\t<div class=\"elementor-element elementor-element-48c79419 elementor-widget-tablet__width-inherit elementor-widget-mobile__width-initial elementor-widget elementor-widget-image-box\" data-id=\"48c79419\" data-element_type=\"widget\" data-e-type=\"widget\" id=\"contenedor\" data-widget_type=\"image-box.default\">\n\t\t\t\t\t<div class=\"elementor-image-box-wrapper\"><div class=\"elementor-image-box-content\"><h3 class=\"elementor-image-box-title\">CONTACTA CON SUPERLATIVO HOSTELS<\/h3><p class=\"elementor-image-box-description\">Nos encantar\u00eda hablar contigo.<br>No dudes en contactarnos usando los datos que encontrar\u00e1s m\u00e1s abajo.<\/p><\/div><\/div>\t\t\t\t<\/div>\n\t\t<div class=\"elementor-element elementor-element-4555589 e-con-full e-flex e-con e-child\" data-id=\"4555589\" data-element_type=\"container\" data-e-type=\"container\" id=\"contenedor\">\n\t\t\t\t<div class=\"elementor-element elementor-element-fff0684 elementor-widget__width-inherit elementor-widget elementor-widget-heading\" data-id=\"fff0684\" data-element_type=\"widget\" data-e-type=\"widget\" data-widget_type=\"heading.default\">\n\t\t\t\t\t<h2 class=\"elementor-heading-title elementor-size-default\">\u00bfTIENES PREGUNTAS?<br>\u00a1TENEMOS RESPUESTAS!<\/h2>\t\t\t\t<\/div>\n\t\t\t\t<div class=\"elementor-element elementor-element-40d8454 elementor-align-left elementor-widget elementor-widget-button\" data-id=\"40d8454\" data-element_type=\"widget\" data-e-type=\"widget\" data-widget_type=\"button.default\">\n\t\t\t\t\t\t\t\t\t\t<a class=\"elementor-button elementor-button-link elementor-size-sm\" href=\"https:\/\/superlativohotels.com\/es\/preguntas-frecuentes\/\">\n\t\t\t\t\t\t<span class=\"elementor-button-content-wrapper\">\n\t\t\t\t\t\t\t\t\t<span class=\"elementor-button-text\">Lee las preguntas frecuentes<\/span>\n\t\t\t\t\t<\/span>\n\t\t\t\t\t<\/a>\n\t\t\t\t\t\t\t\t<\/div>\n\t\t\t\t<\/div>\n\t\t\t\t<div class=\"elementor-element elementor-element-4cb97b85 elementor-absolute elementor-view-default elementor-widget elementor-widget-icon\" data-id=\"4cb97b85\" data-element_type=\"widget\" data-e-type=\"widget\" data-settings=\"{&quot;_position&quot;:&quot;absolute&quot;}\" data-widget_type=\"icon.default\">\n\t\t\t\t\t\t\t<div class=\"elementor-icon-wrapper\">\n\t\t\t<div class=\"elementor-icon\">\n\t\t\t<svg xmlns=\"http:\/\/www.w3.org\/2000\/svg\" id=\"Reducido_Negativo\" viewBox=\"0 0 448.8 448.8\"><defs><style>      .st0 {        fill: #fff;      }    <\/style><\/defs><path class=\"st0\" d=\"M424.2,24.6v399.5H24.6V24.6h399.5M448.8,0H0v448.8h448.8V0h0Z\"><\/path><path class=\"st0\" d=\"M105.2,275.5l57.6-5.6c3.5,19.3,10.5,33.5,21.1,42.6,10.6,9.1,24.9,13.6,42.9,13.6s33.4-4,43.1-12.1c9.7-8.1,14.5-17.5,14.5-28.3s-2-12.8-6.1-17.7c-4.1-4.9-11.2-9.1-21.3-12.7-6.9-2.4-22.7-6.7-47.4-12.8-31.7-7.9-54-17.5-66.8-29-18-16.1-27-35.8-27-59s4.2-28.9,12.7-41.9c8.5-13,20.7-22.9,36.6-29.7,15.9-6.8,35.2-10.2,57.7-10.2,36.8,0,64.5,8.1,83.1,24.2,18.6,16.1,28.4,37.7,29.3,64.6l-59.2,2.6c-2.5-15.1-8-25.9-16.3-32.5-8.3-6.6-20.8-9.9-37.5-9.9s-30.7,3.5-40.4,10.6c-6.3,4.5-9.4,10.6-9.4,18.2s2.9,12.9,8.8,17.8c7.5,6.3,25.6,12.8,54.4,19.6,28.8,6.8,50.1,13.8,63.9,21.1,13.8,7.3,24.6,17.2,32.4,29.8,7.8,12.6,11.7,28.2,11.7,46.7s-4.7,32.5-14,47.2c-9.3,14.7-22.5,25.6-39.6,32.7-17.1,7.1-38.3,10.7-63.8,10.7-37.1,0-65.5-8.6-85.4-25.7-19.9-17.1-31.7-42.1-35.6-74.9Z\"><\/path><\/svg>\t\t\t<\/div>\n\t\t<\/div>\n\t\t\t\t\t\t<\/div>\n\t\t\t\t<\/div>\n\t\t<div class=\"elementor-element elementor-element-2224c454 e-con-full e-flex e-con e-child\" data-id=\"2224c454\" data-element_type=\"container\" data-e-type=\"container\" data-settings=\"{&quot;background_background&quot;:&quot;classic&quot;}\">\n\t\t<div class=\"elementor-element elementor-element-9d5774d e-con-full e-flex e-con e-child\" data-id=\"9d5774d\" data-element_type=\"container\" data-e-type=\"container\" id=\"contenedor\">\n\t\t\t\t<div class=\"elementor-element elementor-element-7f82638 elementor-widget elementor-widget-text-editor\" data-id=\"7f82638\" data-element_type=\"widget\" data-e-type=\"widget\" data-widget_type=\"text-editor.default\">\n\t\t\t\t\t\t\t\t\t<p>Tanto si buscas un hotel c\u00e1psula en M\u00e1laga, un alojamiento econ\u00f3mico en pleno centro o un hostel con espacios de coworking, aqu\u00ed lo tienes.<\/p>\n<p>Escr\u00edbenos \u2014 en Superlativo Hotels M\u00e1laga te ayudamos a que tu experiencia sea inolvidable.<\/p>\n\t\t\t\t\t\t\t\t<\/div>\n\t\t\t\t<div class=\"elementor-element elementor-element-2bd830d elementor-widget elementor-widget-text-editor\" data-id=\"2bd830d\" data-element_type=\"widget\" data-e-type=\"widget\" data-widget_type=\"text-editor.default\">\n\t\t\t\t\t\t\t\t\t<p>\u00bfBuscas oportunidades de inversi\u00f3n? S\u00famate a la aventura. <span style=\"text-decoration: underline;\"><strong><span style=\"color: #000000;\"><a style=\"color: #000000; text-decoration: underline;\" href=\"https:\/\/superlativo8.es\" target=\"_blank\" rel=\"noopener\">Haz clic aqu\u00ed para descubrir m\u00e1s.<\/a><\/span><\/strong><\/span><\/p>\n\t\t\t\t\t\t\t\t<\/div>\n\t\t\t\t<div class=\"elementor-element elementor-element-fa63d95 elementor-button-align-stretch elementor-widget elementor-widget-form\" data-id=\"fa63d95\" data-element_type=\"widget\" data-e-type=\"widget\" data-settings=\"{&quot;step_next_label&quot;:&quot;Siguiente&quot;,&quot;step_previous_label&quot;:&quot;Anterior&quot;,&quot;button_width&quot;:&quot;100&quot;,&quot;step_type&quot;:&quot;number_text&quot;,&quot;step_icon_shape&quot;:&quot;circle&quot;}\" data-widget_type=\"form.default\">\n\t\t\t\t\t\t\t<form class=\"elementor-form\" method=\"post\" name=\"Nuevo formulario\" aria-label=\"Nuevo formulario\">\n\t\t\t<input type=\"hidden\" name=\"post_id\" value=\"8061\"\/>\n\t\t\t<input type=\"hidden\" name=\"form_id\" value=\"fa63d95\"\/>\n\t\t\t<input type=\"hidden\" name=\"referer_title\" value=\"Cont\u00e1ctanos | Superlativo Hotels M\u00e1laga | Web Oficial\" \/>\n\n\t\t\t\t\t\t\t<input type=\"hidden\" name=\"queried_id\" value=\"8061\"\/>\n\t\t\t\n\t\t\t<div class=\"elementor-form-fields-wrapper elementor-labels-above\">\n\t\t\t\t\t\t\t\t<div class=\"elementor-field-type-text elementor-field-group elementor-column elementor-field-group-name elementor-col-100\">\n\t\t\t\t\t\t\t\t\t\t\t\t<label for=\"form-field-name\" class=\"elementor-field-label\">\n\t\t\t\t\t\t\t\tNombre\t\t\t\t\t\t\t<\/label>\n\t\t\t\t\t\t\t\t\t\t\t\t\t\t<input size=\"1\" type=\"text\" name=\"form_fields[name]\" id=\"form-field-name\" class=\"elementor-field elementor-size-sm  elementor-field-textual\" placeholder=\"Nombre\">\n\t\t\t\t\t\t\t\t\t\t\t<\/div>\n\t\t\t\t\t\t\t\t<div class=\"elementor-field-type-email elementor-field-group elementor-column elementor-field-group-email elementor-col-100 elementor-field-required elementor-mark-required\">\n\t\t\t\t\t\t\t\t\t\t\t\t<label for=\"form-field-email\" class=\"elementor-field-label\">\n\t\t\t\t\t\t\t\tEmail\t\t\t\t\t\t\t<\/label>\n\t\t\t\t\t\t\t\t\t\t\t\t\t\t<input size=\"1\" type=\"email\" name=\"form_fields[email]\" id=\"form-field-email\" class=\"elementor-field elementor-size-sm  elementor-field-textual\" placeholder=\"Email\" required=\"required\">\n\t\t\t\t\t\t\t\t\t\t\t<\/div>\n\t\t\t\t\t\t\t\t<div class=\"elementor-field-type-textarea elementor-field-group elementor-column elementor-field-group-message elementor-col-100\">\n\t\t\t\t\t\t\t\t\t\t\t\t<label for=\"form-field-message\" class=\"elementor-field-label\">\n\t\t\t\t\t\t\t\tMensaje\t\t\t\t\t\t\t<\/label>\n\t\t\t\t\t\t<textarea class=\"elementor-field-textual elementor-field  elementor-size-sm\" name=\"form_fields[message]\" id=\"form-field-message\" rows=\"4\" placeholder=\"Mensaje (opcional)\"><\/textarea>\t\t\t\t<\/div>\n\t\t\t\t\t\t\t\t<div class=\"elementor-field-type-acceptance elementor-field-group elementor-column elementor-field-group-field_fc8a22b elementor-col-100 elementor-field-required elementor-mark-required\">\n\t\t\t\t\t\t\t\t\t\t\t\t<label for=\"form-field-field_fc8a22b\" class=\"elementor-field-label\">\n\t\t\t\t\t\t\t\tAviso Legal\t\t\t\t\t\t\t<\/label>\n\t\t\t\t\t\t\t\t<div class=\"elementor-field-subgroup\">\n\t\t\t<span class=\"elementor-field-option\">\n\t\t\t\t<input type=\"checkbox\" name=\"form_fields[field_fc8a22b]\" id=\"form-field-field_fc8a22b\" class=\"elementor-field elementor-size-sm  elementor-acceptance-field\" required=\"required\">\n\t\t\t\t<label for=\"form-field-field_fc8a22b\">He le\u00eddo y acepto la <a href=\"https:\/\/superlativohotels.com\/es\/politica-de-privacidad\/\" target=\"blank\" style=\"color:black;\"><b>pol\u00edtica de privacidad<\/b><\/a>.<\/label>\t\t\t<\/span>\n\t\t<\/div>\n\t\t\t\t\t\t<\/div>\n\t\t\t\t\t\t\t\t<div class=\"elementor-field-group elementor-column elementor-field-type-submit elementor-col-100 e-form__buttons\">\n\t\t\t\t\t<button class=\"elementor-button elementor-size-sm\" type=\"submit\">\n\t\t\t\t\t\t<span class=\"elementor-button-content-wrapper\">\n\t\t\t\t\t\t\t\t\t\t\t\t\t\t\t\t\t\t\t\t\t\t<span class=\"elementor-button-text\">Enviar<\/span>\n\t\t\t\t\t\t\t\t\t\t\t\t\t<\/span>\n\t\t\t\t\t<\/button>\n\t\t\t\t<\/div>\n\t\t\t<\/div>\n\t\t<\/form>\n\t\t\t\t\t\t<\/div>\n\t\t\t\t<\/div>\n\t\t\t\t<\/div>\n\t\t\t\t<\/div>\n\t\t<div class=\"elementor-element elementor-element-2ad125c e-flex e-con-boxed e-con e-parent\" data-id=\"2ad125c\" data-element_type=\"container\" data-e-type=\"container\" data-settings=\"{&quot;background_background&quot;:&quot;classic&quot;}\">\n\t\t\t\t\t<div class=\"e-con-inner\">\n\t\t\t\t\t<\/div>\n\t\t\t\t<\/div>\n\t\t<div class=\"elementor-element elementor-element-35cfc91c e-con-full e-flex e-con e-parent\" data-id=\"35cfc91c\" data-element_type=\"container\" data-e-type=\"container\" data-settings=\"{&quot;background_background&quot;:&quot;classic&quot;}\">\n\t\t\t\t<div class=\"elementor-element elementor-element-9b498bb elementor-widget__width-initial elementor-widget-mobile__width-initial elementor-widget elementor-widget-heading\" data-id=\"9b498bb\" data-element_type=\"widget\" data-e-type=\"widget\" id=\"contenedor\" data-widget_type=\"heading.default\">\n\t\t\t\t\t<h2 class=\"elementor-heading-title elementor-size-default\">O ponte en contacto <br> con tu hostal<\/h2>\t\t\t\t<\/div>\n\t\t<div class=\"elementor-element elementor-element-1af6612e e-con-full e-flex e-con e-child\" data-id=\"1af6612e\" data-element_type=\"container\" data-e-type=\"container\" id=\"contenedor\">\n\t\t<div class=\"elementor-element elementor-element-0085bfd e-con-full e-flex e-con e-child\" data-id=\"0085bfd\" data-element_type=\"container\" data-e-type=\"container\">\n\t\t\t\t<div class=\"elementor-element elementor-element-40b000cc elementor-view-stacked elementor-shape-square elementor-widget-tablet__width-initial elementor-position-inline-start elementor-widget__width-initial elementor-widget-mobile__width-inherit elementor-mobile-position-block-start elementor-widget elementor-widget-icon-box\" data-id=\"40b000cc\" data-element_type=\"widget\" data-e-type=\"widget\" data-widget_type=\"icon-box.default\">\n\t\t\t\t\t\t\t<div class=\"elementor-icon-box-wrapper\">\n\n\t\t\t\t\t\t<div class=\"elementor-icon-box-icon\">\n\t\t\t\t<span  class=\"elementor-icon elementor-animation-shrink\">\n\t\t\t\t<svg xmlns=\"http:\/\/www.w3.org\/2000\/svg\" id=\"Reducido_Negativo\" viewBox=\"0 0 448.8 448.8\"><path d=\"M424.2,24.6v399.5H24.6V24.6h399.5M448.8,0H0v448.8h448.8V0h0Z\"><\/path><path d=\"M105.2,275.5l57.6-5.6c3.5,19.3,10.5,33.5,21.1,42.6s24.9,13.6,42.9,13.6,33.4-4,43.1-12.1,14.5-17.5,14.5-28.3-2-12.8-6.1-17.7c-4.1-4.9-11.2-9.1-21.3-12.7-6.9-2.4-22.7-6.7-47.4-12.8-31.7-7.9-54-17.5-66.8-29-18-16.1-27-35.8-27-59s4.2-28.9,12.7-41.9,20.7-22.9,36.6-29.7c15.9-6.8,35.2-10.2,57.7-10.2,36.8,0,64.5,8.1,83.1,24.2s28.4,37.7,29.3,64.6l-59.2,2.6c-2.5-15.1-8-25.9-16.3-32.5-8.3-6.6-20.8-9.9-37.5-9.9s-30.7,3.5-40.4,10.6c-6.3,4.5-9.4,10.6-9.4,18.2s2.9,12.9,8.8,17.8c7.5,6.3,25.6,12.8,54.4,19.6,28.8,6.8,50.1,13.8,63.9,21.1s24.6,17.2,32.4,29.8,11.7,28.2,11.7,46.7-4.7,32.5-14,47.2-22.5,25.6-39.6,32.7-38.3,10.7-63.8,10.7c-37.1,0-65.5-8.6-85.4-25.7-19.9-17.1-31.7-42.1-35.6-74.9h0Z\"><\/path><\/svg>\t\t\t\t<\/span>\n\t\t\t<\/div>\n\t\t\t\n\t\t\t\t\t\t<div class=\"elementor-icon-box-content\">\n\n\t\t\t\t\t\t\t\t\t<h4 class=\"elementor-icon-box-title\">\n\t\t\t\t\t\t<span  >\n\t\t\t\t\t\t\tSuperlativo Trinidad\t\t\t\t\t\t<\/span>\n\t\t\t\t\t<\/h4>\n\t\t\t\t\n\t\t\t\t\t\t\t\t\t<p class=\"elementor-icon-box-description\">\n\t\t\t\t\t\tAvenida Dr G\u00e1lvez Ginachero 11\r\n\r\nM\u00e1laga ES\r\n\r\n29009\r\n\r\n+34 627 98 83 80 \r\n\r\nreservas@trinidad.superlativohostels.com\t\t\t\t\t<\/p>\n\t\t\t\t\n\t\t\t<\/div>\n\t\t\t\n\t\t<\/div>\n\t\t\t\t\t\t<\/div>\n\t\t\t\t<div class=\"elementor-element elementor-element-c025b1c elementor-align-center elementor-mobile-align-justify elementor-widget-mobile__width-inherit e-transform elementor-widget__width-initial elementor-widget elementor-widget-button\" data-id=\"c025b1c\" data-element_type=\"widget\" data-e-type=\"widget\" data-settings=\"{&quot;_transform_scale_effect_hover&quot;:{&quot;unit&quot;:&quot;px&quot;,&quot;size&quot;:0.9,&quot;sizes&quot;:[]},&quot;_transform_scale_effect_hover_tablet&quot;:{&quot;unit&quot;:&quot;px&quot;,&quot;size&quot;:&quot;&quot;,&quot;sizes&quot;:[]},&quot;_transform_scale_effect_hover_mobile&quot;:{&quot;unit&quot;:&quot;px&quot;,&quot;size&quot;:&quot;&quot;,&quot;sizes&quot;:[]}}\" data-widget_type=\"button.default\">\n\t\t\t\t\t\t\t\t\t\t<a class=\"elementor-button elementor-button-link elementor-size-sm\" href=\"https:\/\/superlativohotels.com\/es\/hostal-superlativo-trinidad-malaga\/\">\n\t\t\t\t\t\t<span class=\"elementor-button-content-wrapper\">\n\t\t\t\t\t\t\t\t\t<span class=\"elementor-button-text\">Descubre<\/span>\n\t\t\t\t\t<\/span>\n\t\t\t\t\t<\/a>\n\t\t\t\t\t\t\t\t<\/div>\n\t\t\t\t<\/div>\n\t\t<div class=\"elementor-element elementor-element-a5e896b e-con-full e-flex e-con e-child\" data-id=\"a5e896b\" data-element_type=\"container\" data-e-type=\"container\">\n\t\t\t\t<div class=\"elementor-element elementor-element-cf3160f elementor-view-stacked elementor-shape-square elementor-widget-tablet__width-initial elementor-position-inline-start elementor-widget__width-initial elementor-widget-mobile__width-inherit elementor-mobile-position-block-start elementor-widget elementor-widget-icon-box\" data-id=\"cf3160f\" data-element_type=\"widget\" data-e-type=\"widget\" data-widget_type=\"icon-box.default\">\n\t\t\t\t\t\t\t<div class=\"elementor-icon-box-wrapper\">\n\n\t\t\t\t\t\t<div class=\"elementor-icon-box-icon\">\n\t\t\t\t<span  class=\"elementor-icon elementor-animation-shrink\">\n\t\t\t\t<svg xmlns=\"http:\/\/www.w3.org\/2000\/svg\" id=\"Reducido_Negativo\" viewBox=\"0 0 448.8 448.8\"><path d=\"M424.2,24.6v399.5H24.6V24.6h399.5M448.8,0H0v448.8h448.8V0h0Z\"><\/path><path d=\"M105.2,275.5l57.6-5.6c3.5,19.3,10.5,33.5,21.1,42.6s24.9,13.6,42.9,13.6,33.4-4,43.1-12.1,14.5-17.5,14.5-28.3-2-12.8-6.1-17.7c-4.1-4.9-11.2-9.1-21.3-12.7-6.9-2.4-22.7-6.7-47.4-12.8-31.7-7.9-54-17.5-66.8-29-18-16.1-27-35.8-27-59s4.2-28.9,12.7-41.9,20.7-22.9,36.6-29.7c15.9-6.8,35.2-10.2,57.7-10.2,36.8,0,64.5,8.1,83.1,24.2s28.4,37.7,29.3,64.6l-59.2,2.6c-2.5-15.1-8-25.9-16.3-32.5-8.3-6.6-20.8-9.9-37.5-9.9s-30.7,3.5-40.4,10.6c-6.3,4.5-9.4,10.6-9.4,18.2s2.9,12.9,8.8,17.8c7.5,6.3,25.6,12.8,54.4,19.6,28.8,6.8,50.1,13.8,63.9,21.1s24.6,17.2,32.4,29.8,11.7,28.2,11.7,46.7-4.7,32.5-14,47.2-22.5,25.6-39.6,32.7-38.3,10.7-63.8,10.7c-37.1,0-65.5-8.6-85.4-25.7-19.9-17.1-31.7-42.1-35.6-74.9h0Z\"><\/path><\/svg>\t\t\t\t<\/span>\n\t\t\t<\/div>\n\t\t\t\n\t\t\t\t\t\t<div class=\"elementor-icon-box-content\">\n\n\t\t\t\t\t\t\t\t\t<h4 class=\"elementor-icon-box-title\">\n\t\t\t\t\t\t<span  >\n\t\t\t\t\t\t\tSuperlativo Vialia I\t\t\t\t\t\t<\/span>\n\t\t\t\t\t<\/h4>\n\t\t\t\t\n\t\t\t\t\t\t\t\t\t<p class=\"elementor-icon-box-description\">\n\t\t\t\t\t\tM\u00e1laga ES<br>\r\n29009<br>\r\n+34 627 98 83 80 <br>\r\nhostels@superlativo8.com\t\t\t\t\t<\/p>\n\t\t\t\t\n\t\t\t<\/div>\n\t\t\t\n\t\t<\/div>\n\t\t\t\t\t\t<\/div>\n\t\t\t\t<div class=\"elementor-element elementor-element-c326fb5 elementor-widget__width-initial elementor-widget-mobile__width-auto elementor-widget elementor-widget-heading\" data-id=\"c326fb5\" data-element_type=\"widget\" data-e-type=\"widget\" data-widget_type=\"heading.default\">\n\t\t\t\t\t<h6 class=\"elementor-heading-title elementor-size-default\">PR\u00d3XIMAMENTE<\/h6>\t\t\t\t<\/div>\n\t\t\t\t<\/div>\n\t\t\t\t<\/div>\n\t\t\t\t<\/div>\n\t\t\t\t<\/div>\n\t\t","protected":false},"excerpt":{"rendered":"<p>CONTACTA CON SUPERLATIVO HOSTELS Nos encantar\u00eda hablar contigo.No dudes en contactarnos usando los datos que encontrar\u00e1s m\u00e1s abajo. \u00bfTIENES PREGUNTAS?\u00a1TENEMOS RESPUESTAS! Lee las preguntas frecuentes Tanto si buscas un hotel c\u00e1psula en M\u00e1laga, un alojamiento econ\u00f3mico en pleno centro o un hostel con espacios de coworking, aqu\u00ed lo tienes. Escr\u00edbenos \u2014 en Superlativo Hotels M\u00e1laga [&hellip;]<\/p>\n","protected":false},"author":4,"featured_media":0,"parent":0,"menu_order":0,"comment_status":"closed","ping_status":"closed","template":"","meta":{"_acf_changed":false,"footnotes":""},"wf_page_folders":[43],"class_list":["post-8061","page","type-page","status-publish","hentry"],"acf":[],"yoast_head":"<!-- This site is optimized with the Yoast SEO plugin v27.2 - https:\/\/yoast.com\/product\/yoast-seo-wordpress\/ -->\n<title>Cont\u00e1ctanos | Superlativo Hotels M\u00e1laga | Web Oficial<\/title>\n<meta name=\"description\" content=\"Ponte en contacto con el equipo de Superlativo Hotels. Escr\u00edbenos para reservas, colaboraciones o cualquier duda sobre tu pr\u00f3xima estancia en M\u00e1laga.\" \/>\n<meta name=\"robots\" content=\"noindex, follow\" \/>\n<meta property=\"og:locale\" content=\"es_ES\" \/>\n<meta property=\"og:type\" content=\"article\" \/>\n<meta property=\"og:title\" content=\"Cont\u00e1ctanos | Superlativo Hotels M\u00e1laga | Web Oficial\" \/>\n<meta property=\"og:description\" content=\"Ponte en contacto con el equipo de Superlativo Hotels. Escr\u00edbenos para reservas, colaboraciones o cualquier duda sobre tu pr\u00f3xima estancia en M\u00e1laga.\" \/>\n<meta property=\"og:url\" content=\"https:\/\/superlativohotels.com\/es\/contactanos\/\" \/>\n<meta property=\"og:site_name\" content=\"Superlativo Hotels\" \/>\n<meta property=\"article:modified_time\" content=\"2025-10-21T09:39:53+00:00\" \/>\n<meta property=\"og:image\" content=\"https:\/\/superlativohotels.com\/wp-content\/uploads\/2024\/12\/Pin-Trinidad.jpg\" \/>\n\t<meta property=\"og:image:width\" content=\"1081\" \/>\n\t<meta property=\"og:image:height\" content=\"1081\" \/>\n\t<meta property=\"og:image:type\" content=\"image\/jpeg\" \/>\n<meta name=\"twitter:card\" content=\"summary_large_image\" \/>\n<meta name=\"twitter:label1\" content=\"Tiempo de lectura\" \/>\n\t<meta name=\"twitter:data1\" content=\"1 minuto\" \/>\n<script type=\"application\/ld+json\" class=\"yoast-schema-graph\">{\"@context\":\"https:\/\/schema.org\",\"@graph\":[{\"@type\":\"WebPage\",\"@id\":\"https:\/\/superlativohotels.com\/es\/contactanos\/\",\"url\":\"https:\/\/superlativohotels.com\/es\/contactanos\/\",\"name\":\"Cont\u00e1ctanos | Superlativo Hotels M\u00e1laga | Web Oficial\",\"isPartOf\":{\"@id\":\"https:\/\/superlativohotels.com\/es\/#website\"},\"datePublished\":\"2025-09-26T11:40:34+00:00\",\"dateModified\":\"2025-10-21T09:39:53+00:00\",\"description\":\"Ponte en contacto con el equipo de Superlativo Hotels. Escr\u00edbenos para reservas, colaboraciones o cualquier duda sobre tu pr\u00f3xima estancia en M\u00e1laga.\",\"breadcrumb\":{\"@id\":\"https:\/\/superlativohotels.com\/es\/contactanos\/#breadcrumb\"},\"inLanguage\":\"es\",\"potentialAction\":[{\"@type\":\"ReadAction\",\"target\":[\"https:\/\/superlativohotels.com\/es\/contactanos\/\"]}]},{\"@type\":\"BreadcrumbList\",\"@id\":\"https:\/\/superlativohotels.com\/es\/contactanos\/#breadcrumb\",\"itemListElement\":[{\"@type\":\"ListItem\",\"position\":1,\"name\":\"Home\",\"item\":\"https:\/\/superlativohotels.com\/es\/\"},{\"@type\":\"ListItem\",\"position\":2,\"name\":\"Cont\u00e1ctanos\"}]},{\"@type\":\"WebSite\",\"@id\":\"https:\/\/superlativohotels.com\/es\/#website\",\"url\":\"https:\/\/superlativohotels.com\/es\/\",\"name\":\"Superlativo Hotels\",\"description\":\"Pod Hotel M\u00e1laga\",\"publisher\":{\"@id\":\"https:\/\/superlativohotels.com\/es\/#organization\"},\"potentialAction\":[{\"@type\":\"SearchAction\",\"target\":{\"@type\":\"EntryPoint\",\"urlTemplate\":\"https:\/\/superlativohotels.com\/es\/?s={search_term_string}\"},\"query-input\":{\"@type\":\"PropertyValueSpecification\",\"valueRequired\":true,\"valueName\":\"search_term_string\"}}],\"inLanguage\":\"es\"},{\"@type\":\"Organization\",\"@id\":\"https:\/\/superlativohotels.com\/es\/#organization\",\"name\":\"Superlativo Hotels\",\"url\":\"https:\/\/superlativohotels.com\/es\/\",\"logo\":{\"@type\":\"ImageObject\",\"inLanguage\":\"es\",\"@id\":\"https:\/\/superlativohotels.com\/es\/#\/schema\/logo\/image\/\",\"url\":\"https:\/\/superlativohotels.com\/wp-content\/uploads\/2025\/01\/Logo-principal-negro_1.png\",\"contentUrl\":\"https:\/\/superlativohotels.com\/wp-content\/uploads\/2025\/01\/Logo-principal-negro_1.png\",\"width\":2000,\"height\":2568,\"caption\":\"Superlativo Hotels\"},\"image\":{\"@id\":\"https:\/\/superlativohotels.com\/es\/#\/schema\/logo\/image\/\"},\"sameAs\":[\"https:\/\/www.instagram.com\/superlativo.hostels\/\",\"https:\/\/www.linkedin.com\/company\/superlativo-s\/posts\/?feedView=all\"]}]}<\/script>\n<!-- \/ Yoast SEO plugin. -->","yoast_head_json":{"title":"Cont\u00e1ctanos | Superlativo Hotels M\u00e1laga | Web Oficial","description":"Ponte en contacto con el equipo de Superlativo Hotels. Escr\u00edbenos para reservas, colaboraciones o cualquier duda sobre tu pr\u00f3xima estancia en M\u00e1laga.","robots":{"index":"noindex","follow":"follow"},"og_locale":"es_ES","og_type":"article","og_title":"Cont\u00e1ctanos | Superlativo Hotels M\u00e1laga | Web Oficial","og_description":"Ponte en contacto con el equipo de Superlativo Hotels. Escr\u00edbenos para reservas, colaboraciones o cualquier duda sobre tu pr\u00f3xima estancia en M\u00e1laga.","og_url":"https:\/\/superlativohotels.com\/es\/contactanos\/","og_site_name":"Superlativo Hotels","article_modified_time":"2025-10-21T09:39:53+00:00","og_image":[{"width":1081,"height":1081,"url":"https:\/\/superlativohotels.com\/wp-content\/uploads\/2024\/12\/Pin-Trinidad.jpg","type":"image\/jpeg"}],"twitter_card":"summary_large_image","twitter_misc":{"Tiempo de lectura":"1 minuto"},"schema":{"@context":"https:\/\/schema.org","@graph":[{"@type":"WebPage","@id":"https:\/\/superlativohotels.com\/es\/contactanos\/","url":"https:\/\/superlativohotels.com\/es\/contactanos\/","name":"Cont\u00e1ctanos | Superlativo Hotels M\u00e1laga | Web Oficial","isPartOf":{"@id":"https:\/\/superlativohotels.com\/es\/#website"},"datePublished":"2025-09-26T11:40:34+00:00","dateModified":"2025-10-21T09:39:53+00:00","description":"Ponte en contacto con el equipo de Superlativo Hotels. Escr\u00edbenos para reservas, colaboraciones o cualquier duda sobre tu pr\u00f3xima estancia en M\u00e1laga.","breadcrumb":{"@id":"https:\/\/superlativohotels.com\/es\/contactanos\/#breadcrumb"},"inLanguage":"es","potentialAction":[{"@type":"ReadAction","target":["https:\/\/superlativohotels.com\/es\/contactanos\/"]}]},{"@type":"BreadcrumbList","@id":"https:\/\/superlativohotels.com\/es\/contactanos\/#breadcrumb","itemListElement":[{"@type":"ListItem","position":1,"name":"Home","item":"https:\/\/superlativohotels.com\/es\/"},{"@type":"ListItem","position":2,"name":"Cont\u00e1ctanos"}]},{"@type":"WebSite","@id":"https:\/\/superlativohotels.com\/es\/#website","url":"https:\/\/superlativohotels.com\/es\/","name":"Superlativo Hotels","description":"Pod Hotel M\u00e1laga","publisher":{"@id":"https:\/\/superlativohotels.com\/es\/#organization"},"potentialAction":[{"@type":"SearchAction","target":{"@type":"EntryPoint","urlTemplate":"https:\/\/superlativohotels.com\/es\/?s={search_term_string}"},"query-input":{"@type":"PropertyValueSpecification","valueRequired":true,"valueName":"search_term_string"}}],"inLanguage":"es"},{"@type":"Organization","@id":"https:\/\/superlativohotels.com\/es\/#organization","name":"Superlativo Hotels","url":"https:\/\/superlativohotels.com\/es\/","logo":{"@type":"ImageObject","inLanguage":"es","@id":"https:\/\/superlativohotels.com\/es\/#\/schema\/logo\/image\/","url":"https:\/\/superlativohotels.com\/wp-content\/uploads\/2025\/01\/Logo-principal-negro_1.png","contentUrl":"https:\/\/superlativohotels.com\/wp-content\/uploads\/2025\/01\/Logo-principal-negro_1.png","width":2000,"height":2568,"caption":"Superlativo Hotels"},"image":{"@id":"https:\/\/superlativohotels.com\/es\/#\/schema\/logo\/image\/"},"sameAs":["https:\/\/www.instagram.com\/superlativo.hostels\/","https:\/\/www.linkedin.com\/company\/superlativo-s\/posts\/?feedView=all"]}]}},"_links":{"self":[{"href":"https:\/\/superlativohotels.com\/es\/wp-json\/wp\/v2\/pages\/8061","targetHints":{"allow":["GET"]}}],"collection":[{"href":"https:\/\/superlativohotels.com\/es\/wp-json\/wp\/v2\/pages"}],"about":[{"href":"https:\/\/superlativohotels.com\/es\/wp-json\/wp\/v2\/types\/page"}],"author":[{"embeddable":true,"href":"https:\/\/superlativohotels.com\/es\/wp-json\/wp\/v2\/users\/4"}],"replies":[{"embeddable":true,"href":"https:\/\/superlativohotels.com\/es\/wp-json\/wp\/v2\/comments?post=8061"}],"version-history":[{"count":5,"href":"https:\/\/superlativohotels.com\/es\/wp-json\/wp\/v2\/pages\/8061\/revisions"}],"predecessor-version":[{"id":8767,"href":"https:\/\/superlativohotels.com\/es\/wp-json\/wp\/v2\/pages\/8061\/revisions\/8767"}],"wp:attachment":[{"href":"https:\/\/superlativohotels.com\/es\/wp-json\/wp\/v2\/media?parent=8061"}],"wp:term":[{"taxonomy":"wf_page_folders","embeddable":true,"href":"https:\/\/superlativohotels.com\/es\/wp-json\/wp\/v2\/wf_page_folders?post=8061"}],"curies":[{"name":"wp","href":"https:\/\/api.w.org\/{rel}","templated":true}]}}