{"id":8063,"date":"2025-10-02T12:26:04","date_gmt":"2025-10-02T10:26:04","guid":{"rendered":"https:\/\/superlativohostels.com\/proximamente\/"},"modified":"2025-10-21T11:39:54","modified_gmt":"2025-10-21T09:39:54","slug":"proximamente","status":"publish","type":"page","link":"https:\/\/superlativohotels.com\/es\/proximamente\/","title":{"rendered":"Pr\u00f3ximamente"},"content":{"rendered":"\t\t<div data-elementor-type=\"wp-page\" data-elementor-id=\"8063\" class=\"elementor elementor-8063 elementor-7693\" data-elementor-post-type=\"page\">\n\t\t\t\t<div class=\"elementor-element elementor-element-212dc4f e-con-full e-flex e-con e-parent\" data-id=\"212dc4f\" data-element_type=\"container\" data-e-type=\"container\">\n\t\t<div class=\"elementor-element elementor-element-de03d5a e-con-full e-flex e-con e-child\" data-id=\"de03d5a\" data-element_type=\"container\" data-e-type=\"container\">\n\t\t\t\t<div class=\"elementor-element elementor-element-53454039 elementor-widget-mobile__width-initial elementor-widget elementor-widget-heading\" data-id=\"53454039\" data-element_type=\"widget\" data-e-type=\"widget\" data-widget_type=\"heading.default\">\n\t\t\t\t\t<h6 class=\"elementor-heading-title elementor-size-default\">SUPERLATIVO HOSTELS<\/h6>\t\t\t\t<\/div>\n\t\t\t\t<div class=\"elementor-element elementor-element-66e58ee7 elementor-widget-mobile__width-initial elementor-widget elementor-widget-heading\" data-id=\"66e58ee7\" data-element_type=\"widget\" data-e-type=\"widget\" data-widget_type=\"heading.default\">\n\t\t\t\t\t<h3 class=\"elementor-heading-title elementor-size-default\">PR\u00d3XIMAMENTE EN M\u00c1LAGA<\/h3>\t\t\t\t<\/div>\n\t\t\t\t<\/div>\n\t\t<div class=\"elementor-element elementor-element-3bbc5b8 e-con-full e-flex e-con e-child\" data-id=\"3bbc5b8\" data-element_type=\"container\" data-e-type=\"container\" data-settings=\"{&quot;background_background&quot;:&quot;classic&quot;}\">\n\t\t\t\t<\/div>\n\t\t\t\t<\/div>\n\t\t<div class=\"elementor-element elementor-element-e851ba3 e-con-full e-flex e-con e-parent\" data-id=\"e851ba3\" data-element_type=\"container\" data-e-type=\"container\" data-settings=\"{&quot;background_background&quot;:&quot;classic&quot;}\">\n\t\t<div class=\"elementor-element elementor-element-ad3e9d5 e-con-full e-flex e-con e-child\" data-id=\"ad3e9d5\" data-element_type=\"container\" data-e-type=\"container\">\n\t\t<div class=\"elementor-element elementor-element-29d8c0d e-con-full e-flex e-con e-child\" data-id=\"29d8c0d\" data-element_type=\"container\" data-e-type=\"container\">\n\t\t\t\t<div class=\"elementor-element elementor-element-276c974 elementor-widget elementor-widget-heading\" data-id=\"276c974\" data-element_type=\"widget\" data-e-type=\"widget\" data-widget_type=\"heading.default\">\n\t\t\t\t\t<h3 class=\"elementor-heading-title elementor-size-default\">Ahora abierto: Hostal Superlativo Trinidad en M\u00e1laga, Espa\u00f1a<\/h3>\t\t\t\t<\/div>\n\t\t<div class=\"elementor-element elementor-element-6462bcd e-con-full e-flex e-con e-child\" data-id=\"6462bcd\" data-element_type=\"container\" data-e-type=\"container\">\n\t\t\t\t<div class=\"elementor-element elementor-element-4f4f7a1 elementor-widget__width-initial elementor-invisible elementor-widget elementor-widget-heading\" data-id=\"4f4f7a1\" data-element_type=\"widget\" data-e-type=\"widget\" data-settings=\"{&quot;_animation&quot;:&quot;bounceIn&quot;}\" data-widget_type=\"heading.default\">\n\t\t\t\t\t<h6 class=\"elementor-heading-title elementor-size-default\">NUEVO HOSTAL<\/h6>\t\t\t\t<\/div>\n\t\t\t\t<div class=\"elementor-element elementor-element-2a06f20 elementor-widget__width-initial animated-slow elementor-invisible elementor-widget elementor-widget-heading\" data-id=\"2a06f20\" data-element_type=\"widget\" data-e-type=\"widget\" data-settings=\"{&quot;_animation&quot;:&quot;bounceIn&quot;}\" data-widget_type=\"heading.default\">\n\t\t\t\t\t<h6 class=\"elementor-heading-title elementor-size-default\">NUEVAS AVENTURAS<\/h6>\t\t\t\t<\/div>\n\t\t\t\t<\/div>\n\t\t\t\t<\/div>\n\t\t<div class=\"elementor-element elementor-element-2112188 e-con-full e-flex e-con e-child\" data-id=\"2112188\" data-element_type=\"container\" data-e-type=\"container\">\n\t\t\t\t<div class=\"elementor-element elementor-element-a6882d5 elementor-align-right e-transform elementor-widget elementor-widget-button\" data-id=\"a6882d5\" data-element_type=\"widget\" data-e-type=\"widget\" data-settings=\"{&quot;_transform_scale_effect_hover&quot;:{&quot;unit&quot;:&quot;px&quot;,&quot;size&quot;:0.9,&quot;sizes&quot;:[]},&quot;_transform_scale_effect_hover_tablet&quot;:{&quot;unit&quot;:&quot;px&quot;,&quot;size&quot;:&quot;&quot;,&quot;sizes&quot;:[]},&quot;_transform_scale_effect_hover_mobile&quot;:{&quot;unit&quot;:&quot;px&quot;,&quot;size&quot;:&quot;&quot;,&quot;sizes&quot;:[]}}\" data-widget_type=\"button.default\">\n\t\t\t\t\t\t\t\t\t\t<a class=\"elementor-button elementor-button-link elementor-size-sm\" href=\"https:\/\/superlativohotels.com\/es\/hostal-superlativo-trinidad-malaga\/\">\n\t\t\t\t\t\t<span class=\"elementor-button-content-wrapper\">\n\t\t\t\t\t\t\t\t\t<span class=\"elementor-button-text\">VISITA SUPERLATIVO TRINIDAD<\/span>\n\t\t\t\t\t<\/span>\n\t\t\t\t\t<\/a>\n\t\t\t\t\t\t\t\t<\/div>\n\t\t\t\t<div class=\"elementor-element elementor-element-9cb25e3 elementor-widget elementor-widget-image\" data-id=\"9cb25e3\" data-element_type=\"widget\" data-e-type=\"widget\" data-widget_type=\"image.default\">\n\t\t\t\t\t\t\t\t\t\t\t\t\t\t\t<img loading=\"lazy\" decoding=\"async\" width=\"800\" height=\"206\" src=\"https:\/\/superlativohotels.com\/wp-content\/uploads\/2025\/05\/Superlativo-Hostels-Trinidad-Blanco.svg\" class=\"attachment-large size-large wp-image-4504\" alt=\"\" \/>\t\t\t\t\t\t\t\t\t\t\t\t\t\t\t<\/div>\n\t\t\t\t<\/div>\n\t\t\t\t<\/div>\n\t\t\t\t<\/div>\n\t\t\t\t<\/div>\n\t\t","protected":false},"excerpt":{"rendered":"<p>SUPERLATIVO HOSTELS PR\u00d3XIMAMENTE EN M\u00c1LAGA Ahora abierto: Hostal Superlativo Trinidad en M\u00e1laga, Espa\u00f1a NUEVO HOSTAL NUEVAS AVENTURAS VISITA SUPERLATIVO TRINIDAD<\/p>\n","protected":false},"author":4,"featured_media":0,"parent":0,"menu_order":0,"comment_status":"closed","ping_status":"closed","template":"","meta":{"_acf_changed":false,"footnotes":""},"wf_page_folders":[43],"class_list":["post-8063","page","type-page","status-publish","hentry"],"acf":[],"yoast_head":"<!-- This site is optimized with the Yoast SEO plugin v27.2 - https:\/\/yoast.com\/product\/yoast-seo-wordpress\/ -->\n<title>Pr\u00f3ximamente | Superlativo Hotels<\/title>\n<meta name=\"description\" content=\"\u00a1Estamos construyendo algo emocionante! Muy pronto descubrir\u00e1s nuevos alojamientos c\u00e1psula, experiencias y destinos con Superlativo Hotels.\" \/>\n<meta name=\"robots\" content=\"noindex, follow\" \/>\n<meta property=\"og:locale\" content=\"es_ES\" \/>\n<meta property=\"og:type\" content=\"article\" \/>\n<meta property=\"og:title\" content=\"Pr\u00f3ximamente | Superlativo Hotels\" \/>\n<meta property=\"og:description\" content=\"\u00a1Estamos construyendo algo emocionante! Muy pronto descubrir\u00e1s nuevos alojamientos c\u00e1psula, experiencias y destinos con Superlativo Hotels.\" \/>\n<meta property=\"og:url\" content=\"https:\/\/superlativohotels.com\/es\/proximamente\/\" \/>\n<meta property=\"og:site_name\" content=\"Superlativo Hotels\" \/>\n<meta property=\"article:modified_time\" content=\"2025-10-21T09:39:54+00:00\" \/>\n<meta property=\"og:image\" content=\"https:\/\/superlativohotels.com\/wp-content\/uploads\/2025\/05\/Superlativo-Hostels-Trinidad-Blanco.svg\" \/>\n<meta name=\"twitter:card\" content=\"summary_large_image\" \/>\n<script type=\"application\/ld+json\" class=\"yoast-schema-graph\">{\"@context\":\"https:\/\/schema.org\",\"@graph\":[{\"@type\":\"WebPage\",\"@id\":\"https:\/\/superlativohotels.com\/es\/proximamente\/\",\"url\":\"https:\/\/superlativohotels.com\/es\/proximamente\/\",\"name\":\"Pr\u00f3ximamente | Superlativo Hotels\",\"isPartOf\":{\"@id\":\"https:\/\/superlativohotels.com\/es\/#website\"},\"primaryImageOfPage\":{\"@id\":\"https:\/\/superlativohotels.com\/es\/proximamente\/#primaryimage\"},\"image\":{\"@id\":\"https:\/\/superlativohotels.com\/es\/proximamente\/#primaryimage\"},\"thumbnailUrl\":\"https:\/\/superlativohotels.com\/wp-content\/uploads\/2025\/05\/Superlativo-Hostels-Trinidad-Blanco.svg\",\"datePublished\":\"2025-10-02T10:26:04+00:00\",\"dateModified\":\"2025-10-21T09:39:54+00:00\",\"description\":\"\u00a1Estamos construyendo algo emocionante! Muy pronto descubrir\u00e1s nuevos alojamientos c\u00e1psula, experiencias y destinos con Superlativo Hotels.\",\"breadcrumb\":{\"@id\":\"https:\/\/superlativohotels.com\/es\/proximamente\/#breadcrumb\"},\"inLanguage\":\"es\",\"potentialAction\":[{\"@type\":\"ReadAction\",\"target\":[\"https:\/\/superlativohotels.com\/es\/proximamente\/\"]}]},{\"@type\":\"ImageObject\",\"inLanguage\":\"es\",\"@id\":\"https:\/\/superlativohotels.com\/es\/proximamente\/#primaryimage\",\"url\":\"https:\/\/superlativohotels.com\/wp-content\/uploads\/2025\/05\/Superlativo-Hostels-Trinidad-Blanco.svg\",\"contentUrl\":\"https:\/\/superlativohotels.com\/wp-content\/uploads\/2025\/05\/Superlativo-Hostels-Trinidad-Blanco.svg\"},{\"@type\":\"BreadcrumbList\",\"@id\":\"https:\/\/superlativohotels.com\/es\/proximamente\/#breadcrumb\",\"itemListElement\":[{\"@type\":\"ListItem\",\"position\":1,\"name\":\"Home\",\"item\":\"https:\/\/superlativohotels.com\/es\/\"},{\"@type\":\"ListItem\",\"position\":2,\"name\":\"Pr\u00f3ximamente\"}]},{\"@type\":\"WebSite\",\"@id\":\"https:\/\/superlativohotels.com\/es\/#website\",\"url\":\"https:\/\/superlativohotels.com\/es\/\",\"name\":\"Superlativo Hotels\",\"description\":\"Pod Hotel M\u00e1laga\",\"publisher\":{\"@id\":\"https:\/\/superlativohotels.com\/es\/#organization\"},\"potentialAction\":[{\"@type\":\"SearchAction\",\"target\":{\"@type\":\"EntryPoint\",\"urlTemplate\":\"https:\/\/superlativohotels.com\/es\/?s={search_term_string}\"},\"query-input\":{\"@type\":\"PropertyValueSpecification\",\"valueRequired\":true,\"valueName\":\"search_term_string\"}}],\"inLanguage\":\"es\"},{\"@type\":\"Organization\",\"@id\":\"https:\/\/superlativohotels.com\/es\/#organization\",\"name\":\"Superlativo Hotels\",\"url\":\"https:\/\/superlativohotels.com\/es\/\",\"logo\":{\"@type\":\"ImageObject\",\"inLanguage\":\"es\",\"@id\":\"https:\/\/superlativohotels.com\/es\/#\/schema\/logo\/image\/\",\"url\":\"https:\/\/superlativohotels.com\/wp-content\/uploads\/2025\/01\/Logo-principal-negro_1.png\",\"contentUrl\":\"https:\/\/superlativohotels.com\/wp-content\/uploads\/2025\/01\/Logo-principal-negro_1.png\",\"width\":2000,\"height\":2568,\"caption\":\"Superlativo Hotels\"},\"image\":{\"@id\":\"https:\/\/superlativohotels.com\/es\/#\/schema\/logo\/image\/\"},\"sameAs\":[\"https:\/\/www.instagram.com\/superlativo.hostels\/\",\"https:\/\/www.linkedin.com\/company\/superlativo-s\/posts\/?feedView=all\"]}]}<\/script>\n<!-- \/ Yoast SEO plugin. -->","yoast_head_json":{"title":"Pr\u00f3ximamente | Superlativo Hotels","description":"\u00a1Estamos construyendo algo emocionante! Muy pronto descubrir\u00e1s nuevos alojamientos c\u00e1psula, experiencias y destinos con Superlativo Hotels.","robots":{"index":"noindex","follow":"follow"},"og_locale":"es_ES","og_type":"article","og_title":"Pr\u00f3ximamente | Superlativo Hotels","og_description":"\u00a1Estamos construyendo algo emocionante! Muy pronto descubrir\u00e1s nuevos alojamientos c\u00e1psula, experiencias y destinos con Superlativo Hotels.","og_url":"https:\/\/superlativohotels.com\/es\/proximamente\/","og_site_name":"Superlativo Hotels","article_modified_time":"2025-10-21T09:39:54+00:00","og_image":[{"url":"https:\/\/superlativohotels.com\/wp-content\/uploads\/2025\/05\/Superlativo-Hostels-Trinidad-Blanco.svg","type":"","width":"","height":""}],"twitter_card":"summary_large_image","schema":{"@context":"https:\/\/schema.org","@graph":[{"@type":"WebPage","@id":"https:\/\/superlativohotels.com\/es\/proximamente\/","url":"https:\/\/superlativohotels.com\/es\/proximamente\/","name":"Pr\u00f3ximamente | Superlativo Hotels","isPartOf":{"@id":"https:\/\/superlativohotels.com\/es\/#website"},"primaryImageOfPage":{"@id":"https:\/\/superlativohotels.com\/es\/proximamente\/#primaryimage"},"image":{"@id":"https:\/\/superlativohotels.com\/es\/proximamente\/#primaryimage"},"thumbnailUrl":"https:\/\/superlativohotels.com\/wp-content\/uploads\/2025\/05\/Superlativo-Hostels-Trinidad-Blanco.svg","datePublished":"2025-10-02T10:26:04+00:00","dateModified":"2025-10-21T09:39:54+00:00","description":"\u00a1Estamos construyendo algo emocionante! Muy pronto descubrir\u00e1s nuevos alojamientos c\u00e1psula, experiencias y destinos con Superlativo Hotels.","breadcrumb":{"@id":"https:\/\/superlativohotels.com\/es\/proximamente\/#breadcrumb"},"inLanguage":"es","potentialAction":[{"@type":"ReadAction","target":["https:\/\/superlativohotels.com\/es\/proximamente\/"]}]},{"@type":"ImageObject","inLanguage":"es","@id":"https:\/\/superlativohotels.com\/es\/proximamente\/#primaryimage","url":"https:\/\/superlativohotels.com\/wp-content\/uploads\/2025\/05\/Superlativo-Hostels-Trinidad-Blanco.svg","contentUrl":"https:\/\/superlativohotels.com\/wp-content\/uploads\/2025\/05\/Superlativo-Hostels-Trinidad-Blanco.svg"},{"@type":"BreadcrumbList","@id":"https:\/\/superlativohotels.com\/es\/proximamente\/#breadcrumb","itemListElement":[{"@type":"ListItem","position":1,"name":"Home","item":"https:\/\/superlativohotels.com\/es\/"},{"@type":"ListItem","position":2,"name":"Pr\u00f3ximamente"}]},{"@type":"WebSite","@id":"https:\/\/superlativohotels.com\/es\/#website","url":"https:\/\/superlativohotels.com\/es\/","name":"Superlativo Hotels","description":"Pod Hotel M\u00e1laga","publisher":{"@id":"https:\/\/superlativohotels.com\/es\/#organization"},"potentialAction":[{"@type":"SearchAction","target":{"@type":"EntryPoint","urlTemplate":"https:\/\/superlativohotels.com\/es\/?s={search_term_string}"},"query-input":{"@type":"PropertyValueSpecification","valueRequired":true,"valueName":"search_term_string"}}],"inLanguage":"es"},{"@type":"Organization","@id":"https:\/\/superlativohotels.com\/es\/#organization","name":"Superlativo Hotels","url":"https:\/\/superlativohotels.com\/es\/","logo":{"@type":"ImageObject","inLanguage":"es","@id":"https:\/\/superlativohotels.com\/es\/#\/schema\/logo\/image\/","url":"https:\/\/superlativohotels.com\/wp-content\/uploads\/2025\/01\/Logo-principal-negro_1.png","contentUrl":"https:\/\/superlativohotels.com\/wp-content\/uploads\/2025\/01\/Logo-principal-negro_1.png","width":2000,"height":2568,"caption":"Superlativo Hotels"},"image":{"@id":"https:\/\/superlativohotels.com\/es\/#\/schema\/logo\/image\/"},"sameAs":["https:\/\/www.instagram.com\/superlativo.hostels\/","https:\/\/www.linkedin.com\/company\/superlativo-s\/posts\/?feedView=all"]}]}},"_links":{"self":[{"href":"https:\/\/superlativohotels.com\/es\/wp-json\/wp\/v2\/pages\/8063","targetHints":{"allow":["GET"]}}],"collection":[{"href":"https:\/\/superlativohotels.com\/es\/wp-json\/wp\/v2\/pages"}],"about":[{"href":"https:\/\/superlativohotels.com\/es\/wp-json\/wp\/v2\/types\/page"}],"author":[{"embeddable":true,"href":"https:\/\/superlativohotels.com\/es\/wp-json\/wp\/v2\/users\/4"}],"replies":[{"embeddable":true,"href":"https:\/\/superlativohotels.com\/es\/wp-json\/wp\/v2\/comments?post=8063"}],"version-history":[{"count":8,"href":"https:\/\/superlativohotels.com\/es\/wp-json\/wp\/v2\/pages\/8063\/revisions"}],"predecessor-version":[{"id":8846,"href":"https:\/\/superlativohotels.com\/es\/wp-json\/wp\/v2\/pages\/8063\/revisions\/8846"}],"wp:attachment":[{"href":"https:\/\/superlativohotels.com\/es\/wp-json\/wp\/v2\/media?parent=8063"}],"wp:term":[{"taxonomy":"wf_page_folders","embeddable":true,"href":"https:\/\/superlativohotels.com\/es\/wp-json\/wp\/v2\/wf_page_folders?post=8063"}],"curies":[{"name":"wp","href":"https:\/\/api.w.org\/{rel}","templated":true}]}}