{"id":975,"date":"2024-11-08T12:36:16","date_gmt":"2024-11-08T12:36:16","guid":{"rendered":"https:\/\/superlativohostels.com\/politica-de-privacidadprivacy-policy\/"},"modified":"2025-06-06T11:51:03","modified_gmt":"2025-06-06T09:51:03","slug":"politica-de-privacidad","status":"publish","type":"page","link":"https:\/\/superlativohotels.com\/es\/politica-de-privacidad\/","title":{"rendered":"Pol\u00edtica de Privacidad"},"content":{"rendered":"\t\t<div data-elementor-type=\"wp-page\" data-elementor-id=\"975\" class=\"elementor elementor-975 elementor-3\" data-elementor-post-type=\"page\">\n\t\t\t\t<div class=\"elementor-element elementor-element-73803f5e e-flex e-con-boxed e-con e-parent\" data-id=\"73803f5e\" data-element_type=\"container\" data-e-type=\"container\">\n\t\t\t\t\t<div class=\"e-con-inner\">\n\t\t\t\t<div class=\"elementor-element elementor-element-4bb6722 elementor-widget elementor-widget-heading\" data-id=\"4bb6722\" data-element_type=\"widget\" data-e-type=\"widget\" data-widget_type=\"heading.default\">\n\t\t\t\t\t<h2 class=\"elementor-heading-title elementor-size-default\">Pol\u00edtica de Privacidad<\/h2>\t\t\t\t<\/div>\n\t\t\t\t<div class=\"elementor-element elementor-element-2dcbc9de elementor-widget elementor-widget-text-editor\" data-id=\"2dcbc9de\" data-element_type=\"widget\" data-e-type=\"widget\" data-widget_type=\"text-editor.default\">\n\t\t\t\t\t\t\t\t\t<br><p class=\"p1\"><b>2.1. Responsable del Tratamiento de los Datos<\/b><b><\/b><\/p><br><ul>\r\n<li class=\"p2\"><b>Responsable<\/b>: Superlativo Ocho, S.L.<\/li>\r\n<li class=\"p2\"><b>Finalidad del Tratamiento:<\/b>\r\n<ul>\r\n<li class=\"p3\">Gestionar las reservas realizadas por los hu\u00e9spedes.<\/li>\r\n<li class=\"p3\">Cumplir con la normativa legal de identificaci\u00f3n de hu\u00e9spedes (Ley Org\u00e1nica 4\/2015 de<br>Protecci\u00f3n de la Seguridad Ciudadana).<\/li>\r\n<li class=\"p3\">Enviar informaci\u00f3n sobre promociones, actividades y eventos organizados por<br>Superlativo Hotels (previo consentimiento).<\/li>\r\n<\/ul><br><\/li><br><\/ul><br><p class=\"p1\"><b>2.2. Legal Basis for Processing<\/b><b><\/b><\/p><br><p class=\"p5\">El tratamiento de datos se basa en el consentimiento del interesado<\/p><br><ul>\r\n<li class=\"p2\">y en la obligaci\u00f3n legal<\/li>\r\n<li class=\"p2\">de identificaci\u00f3n de los hu\u00e9spedes.<\/li>\r\n<\/ul><br><p class=\"p1\"><b>2.3. Data Sharing<\/b><b><\/b><\/p><br><p class=\"p5\">Superlativo Hotels no ceder\u00e1 los datos personales a terceros salvo obligaci\u00f3n legal o autorizaci\u00f3n<br>expresa del usuario.<\/p><br><ul>\r\n<li class=\"p2\">Derechos de los Usuarios<\/li>\r\n<li class=\"p2\">Los usuarios tienen derecho a:<\/li>\r\n<\/ul><br><p class=\"p1\"><b>2.4. User Rights<\/b><b><\/b><\/p><br><p class=\"p5\">Los usuarios tienen derecho a:<\/p><br><ul>\r\n<li class=\"p2\"><b>Acceder<\/b>: Solicitar el acceso a sus datos personales.<\/li>\r\n<li class=\"p2\"><b>Rectificaci\u00f3n<\/b>: Corregir datos inexactos.<\/li>\r\n<li class=\"p2\"><b>Borrar<\/b>: Solicitar la supresi\u00f3n de sus datos.<\/li>\r\n<li class=\"p2\"><b>Restricci\u00f3n u objeci\u00f3n<\/b>: Restringir u oponerse al tratamiento de sus datos.<\/li>\r\n<li class=\"p2\"><b>Portabilidad<\/b>: Solicitar la transferencia de sus datos a otra entidad.<\/li>\r\n<\/ul><br><p class=\"p5\">Para ejercer estos derechos, los usuarios deben ponerse en contacto con la direcci\u00f3n de correo electr\u00f3nico facilitada y adjuntar una copia de su DNI o un documento de identificaci\u00f3n equivalente.<\/p><br><p class=\"p1\"><b>2.5. Seguridad de los datos<\/b><b><\/b><\/p><br><p class=\"p5\">Superlativo Hotels implementa las medidas t\u00e9cnicas y organizativas necesarias para garantizar la seguridad de los datos de car\u00e1cter personal, evitando su alteraci\u00f3n, p\u00e9rdida, tratamiento o acceso no autorizado.<\/p><br><p class=\"p1\"><b>2.6. Uso de Wi-Fi en el albergue<\/b><b><\/b><\/p><br><p class=\"p5\">El albergue proporciona acceso Wi-Fi gratuito en sus instalaciones. Al utilizar este servicio, el usuario acepta:<\/p><br><ul>\r\n<li class=\"p2\">Util\u00edzalo de forma responsable.<\/li>\r\n<li class=\"p2\">Cumplir la legislaci\u00f3n vigente.<\/li>\r\n<li class=\"p2\">Evita cualquier actividad o acci\u00f3n ilegal que pueda comprometer la seguridad de la red.<\/li>\r\n<\/ul>\t\t\t\t\t\t\t\t<\/div>\n\t\t\t\t\t<\/div>\n\t\t\t\t<\/div>\n\t\t\t\t<\/div>\n\t\t","protected":false},"excerpt":{"rendered":"<p>2.1. Responsable del Tratamiento de los Datos Responsable: Superlativo Ocho, S.L. Finalidad del Tratamiento: Gestionar las reservas realizadas por los hu\u00e9spedes. Cumplir con la normativa legal de identificaci\u00f3n de hu\u00e9spedes (Ley Org\u00e1nica 4\/2015 deProtecci\u00f3n de la Seguridad Ciudadana). Enviar informaci\u00f3n sobre promociones, actividades y eventos organizados porSuperlativo Hotels (previo consentimiento). 2.2. Legal Basis for Processing [&hellip;]<\/p>\n","protected":false},"author":1,"featured_media":0,"parent":0,"menu_order":0,"comment_status":"closed","ping_status":"closed","template":"","meta":{"_acf_changed":false,"footnotes":""},"wf_page_folders":[],"class_list":["post-975","page","type-page","status-publish","hentry"],"acf":[],"yoast_head":"<!-- This site is optimized with the Yoast SEO plugin v27.2 - https:\/\/yoast.com\/product\/yoast-seo-wordpress\/ -->\n<title>Pol\u00edtica de Privacidad | Superlativo Hotels<\/title>\n<meta name=\"robots\" content=\"noindex, follow\" \/>\n<meta property=\"og:locale\" content=\"es_ES\" \/>\n<meta property=\"og:type\" content=\"article\" \/>\n<meta property=\"og:title\" content=\"Pol\u00edtica de Privacidad | Superlativo Hotels\" \/>\n<meta property=\"og:description\" content=\"2.1. Responsable del Tratamiento de los Datos Responsable: Superlativo Ocho, S.L. Finalidad del Tratamiento: Gestionar las reservas realizadas por los hu\u00e9spedes. Cumplir con la normativa legal de identificaci\u00f3n de hu\u00e9spedes (Ley Org\u00e1nica 4\/2015 deProtecci\u00f3n de la Seguridad Ciudadana). Enviar informaci\u00f3n sobre promociones, actividades y eventos organizados porSuperlativo Hotels (previo consentimiento). 2.2. Legal Basis for Processing [&hellip;]\" \/>\n<meta property=\"og:url\" content=\"https:\/\/superlativohotels.com\/es\/politica-de-privacidad\/\" \/>\n<meta property=\"og:site_name\" content=\"Superlativo Hotels\" \/>\n<meta property=\"article:modified_time\" content=\"2025-06-06T09:51:03+00:00\" \/>\n<meta property=\"og:image\" content=\"https:\/\/superlativohotels.com\/wp-content\/uploads\/2024\/12\/Pin-Trinidad.jpg\" \/>\n\t<meta property=\"og:image:width\" content=\"1081\" \/>\n\t<meta property=\"og:image:height\" content=\"1081\" \/>\n\t<meta property=\"og:image:type\" content=\"image\/jpeg\" \/>\n<meta name=\"twitter:card\" content=\"summary_large_image\" \/>\n<meta name=\"twitter:label1\" content=\"Tiempo de lectura\" \/>\n\t<meta name=\"twitter:data1\" content=\"1 minuto\" \/>\n<script type=\"application\/ld+json\" class=\"yoast-schema-graph\">{\"@context\":\"https:\/\/schema.org\",\"@graph\":[{\"@type\":\"WebPage\",\"@id\":\"https:\/\/superlativohotels.com\/es\/politica-de-privacidad\/\",\"url\":\"https:\/\/superlativohotels.com\/es\/politica-de-privacidad\/\",\"name\":\"Pol\u00edtica de Privacidad | Superlativo Hotels\",\"isPartOf\":{\"@id\":\"https:\/\/superlativohotels.com\/es\/#website\"},\"datePublished\":\"2024-11-08T12:36:16+00:00\",\"dateModified\":\"2025-06-06T09:51:03+00:00\",\"breadcrumb\":{\"@id\":\"https:\/\/superlativohotels.com\/es\/politica-de-privacidad\/#breadcrumb\"},\"inLanguage\":\"es\",\"potentialAction\":[{\"@type\":\"ReadAction\",\"target\":[\"https:\/\/superlativohotels.com\/es\/politica-de-privacidad\/\"]}]},{\"@type\":\"BreadcrumbList\",\"@id\":\"https:\/\/superlativohotels.com\/es\/politica-de-privacidad\/#breadcrumb\",\"itemListElement\":[{\"@type\":\"ListItem\",\"position\":1,\"name\":\"Home\",\"item\":\"https:\/\/superlativohotels.com\/es\/\"},{\"@type\":\"ListItem\",\"position\":2,\"name\":\"Pol\u00edtica de Privacidad\"}]},{\"@type\":\"WebSite\",\"@id\":\"https:\/\/superlativohotels.com\/es\/#website\",\"url\":\"https:\/\/superlativohotels.com\/es\/\",\"name\":\"Superlativo Hotels\",\"description\":\"Pod Hotel M\u00e1laga\",\"publisher\":{\"@id\":\"https:\/\/superlativohotels.com\/es\/#organization\"},\"potentialAction\":[{\"@type\":\"SearchAction\",\"target\":{\"@type\":\"EntryPoint\",\"urlTemplate\":\"https:\/\/superlativohotels.com\/es\/?s={search_term_string}\"},\"query-input\":{\"@type\":\"PropertyValueSpecification\",\"valueRequired\":true,\"valueName\":\"search_term_string\"}}],\"inLanguage\":\"es\"},{\"@type\":\"Organization\",\"@id\":\"https:\/\/superlativohotels.com\/es\/#organization\",\"name\":\"Superlativo Hotels\",\"url\":\"https:\/\/superlativohotels.com\/es\/\",\"logo\":{\"@type\":\"ImageObject\",\"inLanguage\":\"es\",\"@id\":\"https:\/\/superlativohotels.com\/es\/#\/schema\/logo\/image\/\",\"url\":\"https:\/\/superlativohotels.com\/wp-content\/uploads\/2025\/01\/Logo-principal-negro_1.png\",\"contentUrl\":\"https:\/\/superlativohotels.com\/wp-content\/uploads\/2025\/01\/Logo-principal-negro_1.png\",\"width\":2000,\"height\":2568,\"caption\":\"Superlativo Hotels\"},\"image\":{\"@id\":\"https:\/\/superlativohotels.com\/es\/#\/schema\/logo\/image\/\"},\"sameAs\":[\"https:\/\/www.instagram.com\/superlativo.hostels\/\",\"https:\/\/www.linkedin.com\/company\/superlativo-s\/posts\/?feedView=all\"]}]}<\/script>\n<!-- \/ Yoast SEO plugin. -->","yoast_head_json":{"title":"Pol\u00edtica de Privacidad | Superlativo Hotels","robots":{"index":"noindex","follow":"follow"},"og_locale":"es_ES","og_type":"article","og_title":"Pol\u00edtica de Privacidad | Superlativo Hotels","og_description":"2.1. Responsable del Tratamiento de los Datos Responsable: Superlativo Ocho, S.L. Finalidad del Tratamiento: Gestionar las reservas realizadas por los hu\u00e9spedes. Cumplir con la normativa legal de identificaci\u00f3n de hu\u00e9spedes (Ley Org\u00e1nica 4\/2015 deProtecci\u00f3n de la Seguridad Ciudadana). Enviar informaci\u00f3n sobre promociones, actividades y eventos organizados porSuperlativo Hotels (previo consentimiento). 2.2. Legal Basis for Processing [&hellip;]","og_url":"https:\/\/superlativohotels.com\/es\/politica-de-privacidad\/","og_site_name":"Superlativo Hotels","article_modified_time":"2025-06-06T09:51:03+00:00","og_image":[{"width":1081,"height":1081,"url":"https:\/\/superlativohotels.com\/wp-content\/uploads\/2024\/12\/Pin-Trinidad.jpg","type":"image\/jpeg"}],"twitter_card":"summary_large_image","twitter_misc":{"Tiempo de lectura":"1 minuto"},"schema":{"@context":"https:\/\/schema.org","@graph":[{"@type":"WebPage","@id":"https:\/\/superlativohotels.com\/es\/politica-de-privacidad\/","url":"https:\/\/superlativohotels.com\/es\/politica-de-privacidad\/","name":"Pol\u00edtica de Privacidad | Superlativo Hotels","isPartOf":{"@id":"https:\/\/superlativohotels.com\/es\/#website"},"datePublished":"2024-11-08T12:36:16+00:00","dateModified":"2025-06-06T09:51:03+00:00","breadcrumb":{"@id":"https:\/\/superlativohotels.com\/es\/politica-de-privacidad\/#breadcrumb"},"inLanguage":"es","potentialAction":[{"@type":"ReadAction","target":["https:\/\/superlativohotels.com\/es\/politica-de-privacidad\/"]}]},{"@type":"BreadcrumbList","@id":"https:\/\/superlativohotels.com\/es\/politica-de-privacidad\/#breadcrumb","itemListElement":[{"@type":"ListItem","position":1,"name":"Home","item":"https:\/\/superlativohotels.com\/es\/"},{"@type":"ListItem","position":2,"name":"Pol\u00edtica de Privacidad"}]},{"@type":"WebSite","@id":"https:\/\/superlativohotels.com\/es\/#website","url":"https:\/\/superlativohotels.com\/es\/","name":"Superlativo Hotels","description":"Pod Hotel M\u00e1laga","publisher":{"@id":"https:\/\/superlativohotels.com\/es\/#organization"},"potentialAction":[{"@type":"SearchAction","target":{"@type":"EntryPoint","urlTemplate":"https:\/\/superlativohotels.com\/es\/?s={search_term_string}"},"query-input":{"@type":"PropertyValueSpecification","valueRequired":true,"valueName":"search_term_string"}}],"inLanguage":"es"},{"@type":"Organization","@id":"https:\/\/superlativohotels.com\/es\/#organization","name":"Superlativo Hotels","url":"https:\/\/superlativohotels.com\/es\/","logo":{"@type":"ImageObject","inLanguage":"es","@id":"https:\/\/superlativohotels.com\/es\/#\/schema\/logo\/image\/","url":"https:\/\/superlativohotels.com\/wp-content\/uploads\/2025\/01\/Logo-principal-negro_1.png","contentUrl":"https:\/\/superlativohotels.com\/wp-content\/uploads\/2025\/01\/Logo-principal-negro_1.png","width":2000,"height":2568,"caption":"Superlativo Hotels"},"image":{"@id":"https:\/\/superlativohotels.com\/es\/#\/schema\/logo\/image\/"},"sameAs":["https:\/\/www.instagram.com\/superlativo.hostels\/","https:\/\/www.linkedin.com\/company\/superlativo-s\/posts\/?feedView=all"]}]}},"_links":{"self":[{"href":"https:\/\/superlativohotels.com\/es\/wp-json\/wp\/v2\/pages\/975","targetHints":{"allow":["GET"]}}],"collection":[{"href":"https:\/\/superlativohotels.com\/es\/wp-json\/wp\/v2\/pages"}],"about":[{"href":"https:\/\/superlativohotels.com\/es\/wp-json\/wp\/v2\/types\/page"}],"author":[{"embeddable":true,"href":"https:\/\/superlativohotels.com\/es\/wp-json\/wp\/v2\/users\/1"}],"replies":[{"embeddable":true,"href":"https:\/\/superlativohotels.com\/es\/wp-json\/wp\/v2\/comments?post=975"}],"version-history":[{"count":5,"href":"https:\/\/superlativohotels.com\/es\/wp-json\/wp\/v2\/pages\/975\/revisions"}],"predecessor-version":[{"id":4590,"href":"https:\/\/superlativohotels.com\/es\/wp-json\/wp\/v2\/pages\/975\/revisions\/4590"}],"wp:attachment":[{"href":"https:\/\/superlativohotels.com\/es\/wp-json\/wp\/v2\/media?parent=975"}],"wp:term":[{"taxonomy":"wf_page_folders","embeddable":true,"href":"https:\/\/superlativohotels.com\/es\/wp-json\/wp\/v2\/wf_page_folders?post=975"}],"curies":[{"name":"wp","href":"https:\/\/api.w.org\/{rel}","templated":true}]}}