{"id":981,"date":"2024-11-26T13:19:58","date_gmt":"2024-11-26T13:19:58","guid":{"rendered":"https:\/\/superlativohostels.com\/condiciones-generales\/"},"modified":"2025-08-05T16:22:04","modified_gmt":"2025-08-05T14:22:04","slug":"aviso-legal","status":"publish","type":"page","link":"https:\/\/superlativohotels.com\/es\/aviso-legal\/","title":{"rendered":"Aviso Legal"},"content":{"rendered":"\t\t<div data-elementor-type=\"wp-page\" data-elementor-id=\"981\" class=\"elementor elementor-981 elementor-278\" data-elementor-post-type=\"page\">\n\t\t\t\t<div class=\"elementor-element elementor-element-8edcd2e e-flex e-con-boxed e-con e-parent\" data-id=\"8edcd2e\" data-element_type=\"container\" data-e-type=\"container\">\n\t\t\t\t\t<div class=\"e-con-inner\">\n\t\t\t\t\t<\/div>\n\t\t\t\t<\/div>\n\t\t<div class=\"elementor-element elementor-element-c4f82ea e-flex e-con-boxed e-con e-parent\" data-id=\"c4f82ea\" data-element_type=\"container\" data-e-type=\"container\">\n\t\t\t\t\t<div class=\"e-con-inner\">\n\t\t\t\t<div class=\"elementor-element elementor-element-4473467 elementor-widget elementor-widget-heading\" data-id=\"4473467\" data-element_type=\"widget\" data-e-type=\"widget\" data-widget_type=\"heading.default\">\n\t\t\t\t\t<h2 class=\"elementor-heading-title elementor-size-default\">Aviso Legal<\/h2>\t\t\t\t<\/div>\n\t\t\t\t<div class=\"elementor-element elementor-element-744d3d8 elementor-widget elementor-widget-text-editor\" data-id=\"744d3d8\" data-element_type=\"widget\" data-e-type=\"widget\" data-widget_type=\"text-editor.default\">\n\t\t\t\t\t\t\t\t\t<p class=\"p1\"><b>1.1. Identificaci\u00f3n de la Entidad Responsable<\/b><b><\/b><\/p>\n<p><\/p>\n<p class=\"p3\">En cumplimiento de lo dispuesto en la Ley 34\/2002 de Servicios de la Sociedad de la Informaci\u00f3n y de Comercio Electr\u00f3nico (LSSI-CE), se informa de lo siguiente:<\/p>\n<ul>\n<li class=\"p4\"><b>Nombre comercial<\/b>: Superlativo Hotels<\/li>\n<li class=\"p4\"><b>Denominaci\u00f3n Social<\/b>: Superlativo Ocho, S.L.<\/li>\n<li class=\"p4\"><b>N\u00famero de identificaci\u00f3n fiscal (CIF<\/b>): CIFB72650286<\/li>\n<li class=\"p4\"><b>Domicilio social<\/b>: C. Duquesa de Parcent, 13-29001<\/li>\n<li class=\"p4\"><b>Correo electr\u00f3nico de contacto<\/b>: hola@superlativo8.com<\/li>\n<li class=\"p4\"><b>Tel\u00e9fono de contacto<\/b>: +34 670 23 24 42<\/li>\n<\/ul>\n<p><\/p>\n<p class=\"p1\"><b>1.2. Finalidad del Aviso Legal<\/b><b><\/b><\/p>\n<p><\/p>\n<p class=\"p3\">Estas condiciones regulan el acceso, uso y contrataci\u00f3n de los servicios ofrecidos por Superlativo Hotels, incluyendo:<\/p>\n<ul>\n<li class=\"p4\">Alojamiento en c\u00e1psulas de madera.<\/li>\n<li class=\"p4\">Uso de las zonas comunes.<\/li>\n<li class=\"p4\">Servicios adicionales como actividades y eventos.<\/li>\n<\/ul>\n<p><b>1.3. Condiciones de alojamiento<\/b><b><\/b><\/p>\n<p class=\"p3\"><b>Edad m\u00ednima de los invitados<\/b><b><\/b><\/p>\n<p><\/p>\n<p class=\"p4\">El albergue est\u00e1 pensado para hu\u00e9spedes mayores de 18 a\u00f1os. Para los menores de edad, se requerir\u00e1 la autorizaci\u00f3n expresa de un tutor legal.<\/p>\n<p><\/p>\n<p class=\"p3\"><b>Horarios<\/b><b><\/b><\/p>\n<ul>\n<li class=\"p5\"><b>Facturaci\u00f3n<\/b>: A partir de las 14:00 h.<\/li>\n<li class=\"p5\"><b>Salida<\/b>: Antes de las 11:00 h.<\/li>\n<\/ul>\n<p><\/p>\n<p class=\"p3\"><b>Normas de la casa<\/b><b><\/b><\/p>\n<ul>\n<li class=\"p5\">Est\u00e1 estrictamente prohibido fumar dentro de las c\u00e1psulas y en las zonas comunes interiores.<\/li>\n<li class=\"p5\">Las horas de silencio son de 23:00 a 8:00.<\/li>\n<li class=\"p5\">Los hu\u00e9spedes deben respetar las zonas comunes, las instalaciones y el descanso de los dem\u00e1s usuarios.<\/li>\n<\/ul>\n<p><\/p>\n<p class=\"p3\"><b>Responsabilidad de los invitados<\/b><b><\/b><\/p>\n<p><\/p>\n<p class=\"p4\">Los hu\u00e9spedes son responsables de sus objetos personales y deben cumplir las normas internas del establecimiento.<\/p>\n<p><\/p>\n<p class=\"p1\"><b>1.4. Modificaci\u00f3n de las Condiciones<\/b><b><\/b><\/p>\n<p><\/p>\n<p class=\"p3\">Superlativo Hotels se reserva el derecho de modificar estos t\u00e9rminos y condiciones sin previo aviso, comprometi\u00e9ndose a publicar las actualizaciones en su sitio web.<\/p>\n\t\t\t\t\t\t\t\t<\/div>\n\t\t\t\t\t<\/div>\n\t\t\t\t<\/div>\n\t\t\t\t<\/div>\n\t\t","protected":false},"excerpt":{"rendered":"<p>1.1. Identificaci\u00f3n de la Entidad Responsable En cumplimiento de lo dispuesto en la Ley 34\/2002 de Servicios de la Sociedad de la Informaci\u00f3n y de Comercio Electr\u00f3nico (LSSI-CE), se informa de lo siguiente: Nombre comercial: Superlativo Hotels Denominaci\u00f3n Social: Superlativo Ocho, S.L. N\u00famero de identificaci\u00f3n fiscal (CIF): CIFB72650286 Domicilio social: C. Duquesa de Parcent, 13-29001 [&hellip;]<\/p>\n","protected":false},"author":1,"featured_media":0,"parent":0,"menu_order":0,"comment_status":"closed","ping_status":"closed","template":"","meta":{"_acf_changed":false,"footnotes":""},"wf_page_folders":[],"class_list":["post-981","page","type-page","status-publish","hentry"],"acf":[],"yoast_head":"<!-- This site is optimized with the Yoast SEO plugin v27.2 - https:\/\/yoast.com\/product\/yoast-seo-wordpress\/ -->\n<title>Aviso Legal | Superlativo Hotels<\/title>\n<meta name=\"robots\" content=\"noindex, follow\" \/>\n<meta property=\"og:locale\" content=\"es_ES\" \/>\n<meta property=\"og:type\" content=\"article\" \/>\n<meta property=\"og:title\" content=\"Aviso Legal | Superlativo Hotels\" \/>\n<meta property=\"og:description\" content=\"1.1. Identificaci\u00f3n de la Entidad Responsable En cumplimiento de lo dispuesto en la Ley 34\/2002 de Servicios de la Sociedad de la Informaci\u00f3n y de Comercio Electr\u00f3nico (LSSI-CE), se informa de lo siguiente: Nombre comercial: Superlativo Hotels Denominaci\u00f3n Social: Superlativo Ocho, S.L. N\u00famero de identificaci\u00f3n fiscal (CIF): CIFB72650286 Domicilio social: C. Duquesa de Parcent, 13-29001 [&hellip;]\" \/>\n<meta property=\"og:url\" content=\"https:\/\/superlativohotels.com\/es\/aviso-legal\/\" \/>\n<meta property=\"og:site_name\" content=\"Superlativo Hotels\" \/>\n<meta property=\"article:modified_time\" content=\"2025-08-05T14:22:04+00:00\" \/>\n<meta property=\"og:image\" content=\"https:\/\/superlativohotels.com\/wp-content\/uploads\/2024\/12\/Pin-Trinidad.jpg\" \/>\n\t<meta property=\"og:image:width\" content=\"1081\" \/>\n\t<meta property=\"og:image:height\" content=\"1081\" \/>\n\t<meta property=\"og:image:type\" content=\"image\/jpeg\" \/>\n<meta name=\"twitter:card\" content=\"summary_large_image\" \/>\n<meta name=\"twitter:label1\" content=\"Tiempo de lectura\" \/>\n\t<meta name=\"twitter:data1\" content=\"1 minuto\" \/>\n<script type=\"application\/ld+json\" class=\"yoast-schema-graph\">{\"@context\":\"https:\/\/schema.org\",\"@graph\":[{\"@type\":\"WebPage\",\"@id\":\"https:\/\/superlativohotels.com\/es\/aviso-legal\/\",\"url\":\"https:\/\/superlativohotels.com\/es\/aviso-legal\/\",\"name\":\"Aviso Legal | Superlativo Hotels\",\"isPartOf\":{\"@id\":\"https:\/\/superlativohotels.com\/es\/#website\"},\"datePublished\":\"2024-11-26T13:19:58+00:00\",\"dateModified\":\"2025-08-05T14:22:04+00:00\",\"breadcrumb\":{\"@id\":\"https:\/\/superlativohotels.com\/es\/aviso-legal\/#breadcrumb\"},\"inLanguage\":\"es\",\"potentialAction\":[{\"@type\":\"ReadAction\",\"target\":[\"https:\/\/superlativohotels.com\/es\/aviso-legal\/\"]}]},{\"@type\":\"BreadcrumbList\",\"@id\":\"https:\/\/superlativohotels.com\/es\/aviso-legal\/#breadcrumb\",\"itemListElement\":[{\"@type\":\"ListItem\",\"position\":1,\"name\":\"Home\",\"item\":\"https:\/\/superlativohotels.com\/es\/\"},{\"@type\":\"ListItem\",\"position\":2,\"name\":\"Aviso Legal\"}]},{\"@type\":\"WebSite\",\"@id\":\"https:\/\/superlativohotels.com\/es\/#website\",\"url\":\"https:\/\/superlativohotels.com\/es\/\",\"name\":\"Superlativo Hotels\",\"description\":\"Pod Hotel M\u00e1laga\",\"publisher\":{\"@id\":\"https:\/\/superlativohotels.com\/es\/#organization\"},\"potentialAction\":[{\"@type\":\"SearchAction\",\"target\":{\"@type\":\"EntryPoint\",\"urlTemplate\":\"https:\/\/superlativohotels.com\/es\/?s={search_term_string}\"},\"query-input\":{\"@type\":\"PropertyValueSpecification\",\"valueRequired\":true,\"valueName\":\"search_term_string\"}}],\"inLanguage\":\"es\"},{\"@type\":\"Organization\",\"@id\":\"https:\/\/superlativohotels.com\/es\/#organization\",\"name\":\"Superlativo Hotels\",\"url\":\"https:\/\/superlativohotels.com\/es\/\",\"logo\":{\"@type\":\"ImageObject\",\"inLanguage\":\"es\",\"@id\":\"https:\/\/superlativohotels.com\/es\/#\/schema\/logo\/image\/\",\"url\":\"https:\/\/superlativohotels.com\/wp-content\/uploads\/2025\/01\/Logo-principal-negro_1.png\",\"contentUrl\":\"https:\/\/superlativohotels.com\/wp-content\/uploads\/2025\/01\/Logo-principal-negro_1.png\",\"width\":2000,\"height\":2568,\"caption\":\"Superlativo Hotels\"},\"image\":{\"@id\":\"https:\/\/superlativohotels.com\/es\/#\/schema\/logo\/image\/\"},\"sameAs\":[\"https:\/\/www.instagram.com\/superlativo.hostels\/\",\"https:\/\/www.linkedin.com\/company\/superlativo-s\/posts\/?feedView=all\"]}]}<\/script>\n<!-- \/ Yoast SEO plugin. -->","yoast_head_json":{"title":"Aviso Legal | Superlativo Hotels","robots":{"index":"noindex","follow":"follow"},"og_locale":"es_ES","og_type":"article","og_title":"Aviso Legal | Superlativo Hotels","og_description":"1.1. Identificaci\u00f3n de la Entidad Responsable En cumplimiento de lo dispuesto en la Ley 34\/2002 de Servicios de la Sociedad de la Informaci\u00f3n y de Comercio Electr\u00f3nico (LSSI-CE), se informa de lo siguiente: Nombre comercial: Superlativo Hotels Denominaci\u00f3n Social: Superlativo Ocho, S.L. N\u00famero de identificaci\u00f3n fiscal (CIF): CIFB72650286 Domicilio social: C. Duquesa de Parcent, 13-29001 [&hellip;]","og_url":"https:\/\/superlativohotels.com\/es\/aviso-legal\/","og_site_name":"Superlativo Hotels","article_modified_time":"2025-08-05T14:22:04+00:00","og_image":[{"width":1081,"height":1081,"url":"https:\/\/superlativohotels.com\/wp-content\/uploads\/2024\/12\/Pin-Trinidad.jpg","type":"image\/jpeg"}],"twitter_card":"summary_large_image","twitter_misc":{"Tiempo de lectura":"1 minuto"},"schema":{"@context":"https:\/\/schema.org","@graph":[{"@type":"WebPage","@id":"https:\/\/superlativohotels.com\/es\/aviso-legal\/","url":"https:\/\/superlativohotels.com\/es\/aviso-legal\/","name":"Aviso Legal | Superlativo Hotels","isPartOf":{"@id":"https:\/\/superlativohotels.com\/es\/#website"},"datePublished":"2024-11-26T13:19:58+00:00","dateModified":"2025-08-05T14:22:04+00:00","breadcrumb":{"@id":"https:\/\/superlativohotels.com\/es\/aviso-legal\/#breadcrumb"},"inLanguage":"es","potentialAction":[{"@type":"ReadAction","target":["https:\/\/superlativohotels.com\/es\/aviso-legal\/"]}]},{"@type":"BreadcrumbList","@id":"https:\/\/superlativohotels.com\/es\/aviso-legal\/#breadcrumb","itemListElement":[{"@type":"ListItem","position":1,"name":"Home","item":"https:\/\/superlativohotels.com\/es\/"},{"@type":"ListItem","position":2,"name":"Aviso Legal"}]},{"@type":"WebSite","@id":"https:\/\/superlativohotels.com\/es\/#website","url":"https:\/\/superlativohotels.com\/es\/","name":"Superlativo Hotels","description":"Pod Hotel M\u00e1laga","publisher":{"@id":"https:\/\/superlativohotels.com\/es\/#organization"},"potentialAction":[{"@type":"SearchAction","target":{"@type":"EntryPoint","urlTemplate":"https:\/\/superlativohotels.com\/es\/?s={search_term_string}"},"query-input":{"@type":"PropertyValueSpecification","valueRequired":true,"valueName":"search_term_string"}}],"inLanguage":"es"},{"@type":"Organization","@id":"https:\/\/superlativohotels.com\/es\/#organization","name":"Superlativo Hotels","url":"https:\/\/superlativohotels.com\/es\/","logo":{"@type":"ImageObject","inLanguage":"es","@id":"https:\/\/superlativohotels.com\/es\/#\/schema\/logo\/image\/","url":"https:\/\/superlativohotels.com\/wp-content\/uploads\/2025\/01\/Logo-principal-negro_1.png","contentUrl":"https:\/\/superlativohotels.com\/wp-content\/uploads\/2025\/01\/Logo-principal-negro_1.png","width":2000,"height":2568,"caption":"Superlativo Hotels"},"image":{"@id":"https:\/\/superlativohotels.com\/es\/#\/schema\/logo\/image\/"},"sameAs":["https:\/\/www.instagram.com\/superlativo.hostels\/","https:\/\/www.linkedin.com\/company\/superlativo-s\/posts\/?feedView=all"]}]}},"_links":{"self":[{"href":"https:\/\/superlativohotels.com\/es\/wp-json\/wp\/v2\/pages\/981","targetHints":{"allow":["GET"]}}],"collection":[{"href":"https:\/\/superlativohotels.com\/es\/wp-json\/wp\/v2\/pages"}],"about":[{"href":"https:\/\/superlativohotels.com\/es\/wp-json\/wp\/v2\/types\/page"}],"author":[{"embeddable":true,"href":"https:\/\/superlativohotels.com\/es\/wp-json\/wp\/v2\/users\/1"}],"replies":[{"embeddable":true,"href":"https:\/\/superlativohotels.com\/es\/wp-json\/wp\/v2\/comments?post=981"}],"version-history":[{"count":10,"href":"https:\/\/superlativohotels.com\/es\/wp-json\/wp\/v2\/pages\/981\/revisions"}],"predecessor-version":[{"id":4819,"href":"https:\/\/superlativohotels.com\/es\/wp-json\/wp\/v2\/pages\/981\/revisions\/4819"}],"wp:attachment":[{"href":"https:\/\/superlativohotels.com\/es\/wp-json\/wp\/v2\/media?parent=981"}],"wp:term":[{"taxonomy":"wf_page_folders","embeddable":true,"href":"https:\/\/superlativohotels.com\/es\/wp-json\/wp\/v2\/wf_page_folders?post=981"}],"curies":[{"name":"wp","href":"https:\/\/api.w.org\/{rel}","templated":true}]}}